{"id":589,"date":"2025-05-16T01:23:00","date_gmt":"2025-05-16T01:23:00","guid":{"rendered":"https:\/\/sarajorgedreamdancers.com\/producto\/camiseta-dream-para-bailarines-modernos-y-liricos\/"},"modified":"2026-04-08T21:44:12","modified_gmt":"2026-04-08T21:44:12","slug":"camiseta-dream-para-bailarines-modernos-y-liricos","status":"publish","type":"product","link":"https:\/\/sarajorgedreamdancers.com\/en\/producto\/camiseta-dream-para-bailarines-modernos-y-liricos\/","title":{"rendered":"Camiseta Dream para bailarines modernos y l\u00edricos"},"content":{"rendered":"","protected":false},"excerpt":{"rendered":"<p>Camiseta perfecta para bailar danza moderna y l\u00edrica.<\/p>\n","protected":false},"featured_media":464,"comment_status":"open","ping_status":"closed","template":"","meta":{"_acf_changed":false,"iawp_total_views":0},"marca":[92,58],"product_brand":[],"product_cat":[114,115],"product_tag":[116,135,127],"class_list":{"0":"post-589","1":"product","2":"type-product","3":"status-publish","4":"has-post-thumbnail","6":"marca-dancers-wear","7":"marca-dream-dancers","8":"product_cat-coreografias-en","9":"product_cat-ropa-en","10":"product_tag-baile-en","11":"product_tag-lirica-en","12":"product_tag-moderno-en","14":"first","15":"instock","16":"sale","17":"shipping-taxable","18":"purchasable","19":"product-type-simple"},"acf":[],"yoast_head":"<!-- This site is optimized with the Yoast SEO plugin v27.3 - https:\/\/yoast.com\/product\/yoast-seo-wordpress\/ -->\n<title>Camiseta Dream para bailarines modernos - Dream Dancers<\/title>\n<meta name=\"description\" content=\"Compra la camiseta ideal para bailarines de danza moderna y l\u00edrica en Dream Dancers. Aprovecha el precio especial y disfruta de env\u00edo gratis y 100 d\u00edas de devoluci\u00f3n.\" \/>\n<meta name=\"robots\" content=\"index, follow, max-snippet:-1, max-image-preview:large, max-video-preview:-1\" \/>\n<link rel=\"canonical\" href=\"https:\/\/sarajorgedreamdancers.com\/en\/producto\/camiseta-dream-para-bailarines-modernos-y-liricos\/\" \/>\n<meta property=\"og:locale\" content=\"en_US\" \/>\n<meta property=\"og:type\" content=\"article\" \/>\n<meta property=\"og:title\" content=\"Camiseta Dream para bailarines modernos - Dream Dancers\" \/>\n<meta property=\"og:description\" content=\"Compra la camiseta ideal para bailarines de danza moderna y l\u00edrica en Dream Dancers. Aprovecha el precio especial y disfruta de env\u00edo gratis y 100 d\u00edas de devoluci\u00f3n.\" \/>\n<meta property=\"og:url\" content=\"https:\/\/sarajorgedreamdancers.com\/en\/producto\/camiseta-dream-para-bailarines-modernos-y-liricos\/\" \/>\n<meta property=\"og:site_name\" content=\"Dream Dancers\" \/>\n<meta property=\"article:modified_time\" content=\"2026-04-08T21:44:12+00:00\" \/>\n<meta property=\"og:image\" content=\"https:\/\/sarajorgedreamdancers.com\/wp-content\/uploads\/2025\/05\/Leonardo_Vision_XL_Diseo_de_una_camiseta_moderna_y_elegante_id_0.jpg\" \/>\n\t<meta property=\"og:image:width\" content=\"1792\" \/>\n\t<meta property=\"og:image:height\" content=\"1456\" \/>\n\t<meta property=\"og:image:type\" content=\"image\/jpeg\" \/>\n<meta name=\"twitter:card\" content=\"summary_large_image\" \/>\n<!-- \/ Yoast SEO plugin. -->","yoast_head_json":{"title":"Camiseta Dream para bailarines modernos - Dream Dancers","description":"Compra la camiseta ideal para bailarines de danza moderna y l\u00edrica en Dream Dancers. Aprovecha el precio especial y disfruta de env\u00edo gratis y 100 d\u00edas de devoluci\u00f3n.","robots":{"index":"index","follow":"follow","max-snippet":"max-snippet:-1","max-image-preview":"max-image-preview:large","max-video-preview":"max-video-preview:-1"},"canonical":"https:\/\/sarajorgedreamdancers.com\/en\/producto\/camiseta-dream-para-bailarines-modernos-y-liricos\/","og_locale":"en_US","og_type":"article","og_title":"Camiseta Dream para bailarines modernos - Dream Dancers","og_description":"Compra la camiseta ideal para bailarines de danza moderna y l\u00edrica en Dream Dancers. Aprovecha el precio especial y disfruta de env\u00edo gratis y 100 d\u00edas de devoluci\u00f3n.","og_url":"https:\/\/sarajorgedreamdancers.com\/en\/producto\/camiseta-dream-para-bailarines-modernos-y-liricos\/","og_site_name":"Dream Dancers","article_modified_time":"2026-04-08T21:44:12+00:00","og_image":[{"width":1792,"height":1456,"url":"https:\/\/sarajorgedreamdancers.com\/wp-content\/uploads\/2025\/05\/Leonardo_Vision_XL_Diseo_de_una_camiseta_moderna_y_elegante_id_0.jpg","type":"image\/jpeg"}],"twitter_card":"summary_large_image","schema":{"@context":"https:\/\/schema.org","@graph":[{"@type":"WebPage","@id":"https:\/\/sarajorgedreamdancers.com\/en\/producto\/camiseta-dream-para-bailarines-modernos-y-liricos\/","url":"https:\/\/sarajorgedreamdancers.com\/en\/producto\/camiseta-dream-para-bailarines-modernos-y-liricos\/","name":"Camiseta Dream para bailarines modernos - Dream Dancers","isPartOf":{"@id":"https:\/\/sarajorgedreamdancers.com\/en\/#website"},"primaryImageOfPage":{"@id":"https:\/\/sarajorgedreamdancers.com\/en\/producto\/camiseta-dream-para-bailarines-modernos-y-liricos\/#primaryimage"},"image":{"@id":"https:\/\/sarajorgedreamdancers.com\/en\/producto\/camiseta-dream-para-bailarines-modernos-y-liricos\/#primaryimage"},"thumbnailUrl":"https:\/\/sarajorgedreamdancers.com\/wp-content\/uploads\/2025\/05\/Leonardo_Vision_XL_Diseo_de_una_camiseta_moderna_y_elegante_id_0.jpg","datePublished":"2025-05-16T01:23:00+00:00","dateModified":"2026-04-08T21:44:12+00:00","description":"Compra la camiseta ideal para bailarines de danza moderna y l\u00edrica en Dream Dancers. Aprovecha el precio especial y disfruta de env\u00edo gratis y 100 d\u00edas de devoluci\u00f3n.","breadcrumb":{"@id":"https:\/\/sarajorgedreamdancers.com\/en\/producto\/camiseta-dream-para-bailarines-modernos-y-liricos\/#breadcrumb"},"inLanguage":"en-US","potentialAction":[{"@type":"ReadAction","target":["https:\/\/sarajorgedreamdancers.com\/en\/producto\/camiseta-dream-para-bailarines-modernos-y-liricos\/"]}]},{"@type":"ImageObject","inLanguage":"en-US","@id":"https:\/\/sarajorgedreamdancers.com\/en\/producto\/camiseta-dream-para-bailarines-modernos-y-liricos\/#primaryimage","url":"https:\/\/sarajorgedreamdancers.com\/wp-content\/uploads\/2025\/05\/Leonardo_Vision_XL_Diseo_de_una_camiseta_moderna_y_elegante_id_0.jpg","contentUrl":"https:\/\/sarajorgedreamdancers.com\/wp-content\/uploads\/2025\/05\/Leonardo_Vision_XL_Diseo_de_una_camiseta_moderna_y_elegante_id_0.jpg","width":1792,"height":1456},{"@type":"BreadcrumbList","@id":"https:\/\/sarajorgedreamdancers.com\/en\/producto\/camiseta-dream-para-bailarines-modernos-y-liricos\/#breadcrumb","itemListElement":[{"@type":"ListItem","position":1,"name":"Portada","item":"https:\/\/sarajorgedreamdancers.com\/en\/"},{"@type":"ListItem","position":2,"name":"Tienda","item":"https:\/\/sarajorgedreamdancers.com\/tienda\/"},{"@type":"ListItem","position":3,"name":"Camiseta Dream para bailarines modernos y l\u00edricos"}]},{"@type":"WebSite","@id":"https:\/\/sarajorgedreamdancers.com\/en\/#website","url":"https:\/\/sarajorgedreamdancers.com\/en\/","name":"Dream Dancers","description":"","publisher":{"@id":"https:\/\/sarajorgedreamdancers.com\/en\/#organization"},"potentialAction":[{"@type":"SearchAction","target":{"@type":"EntryPoint","urlTemplate":"https:\/\/sarajorgedreamdancers.com\/en\/?s={search_term_string}"},"query-input":{"@type":"PropertyValueSpecification","valueRequired":true,"valueName":"search_term_string"}}],"inLanguage":"en-US"},{"@type":"Organization","@id":"https:\/\/sarajorgedreamdancers.com\/en\/#organization","name":"Dream Dancers","url":"https:\/\/sarajorgedreamdancers.com\/en\/","logo":{"@type":"ImageObject","inLanguage":"en-US","@id":"https:\/\/sarajorgedreamdancers.com\/en\/#\/schema\/logo\/image\/","url":"https:\/\/sarajorgedreamdancers.com\/wp-content\/uploads\/2025\/05\/6825c60c3b046_dream-dancers.png","contentUrl":"https:\/\/sarajorgedreamdancers.com\/wp-content\/uploads\/2025\/05\/6825c60c3b046_dream-dancers.png","width":1352,"height":1437,"caption":"Dream Dancers"},"image":{"@id":"https:\/\/sarajorgedreamdancers.com\/en\/#\/schema\/logo\/image\/"}}]}},"_links":{"self":[{"href":"https:\/\/sarajorgedreamdancers.com\/en\/wp-json\/wp\/v2\/product\/589","targetHints":{"allow":["GET"]}}],"collection":[{"href":"https:\/\/sarajorgedreamdancers.com\/en\/wp-json\/wp\/v2\/product"}],"about":[{"href":"https:\/\/sarajorgedreamdancers.com\/en\/wp-json\/wp\/v2\/types\/product"}],"replies":[{"embeddable":true,"href":"https:\/\/sarajorgedreamdancers.com\/en\/wp-json\/wp\/v2\/comments?post=589"}],"wp:featuredmedia":[{"embeddable":true,"href":"https:\/\/sarajorgedreamdancers.com\/en\/wp-json\/wp\/v2\/media\/464"}],"wp:attachment":[{"href":"https:\/\/sarajorgedreamdancers.com\/en\/wp-json\/wp\/v2\/media?parent=589"}],"wp:term":[{"taxonomy":"marca","embeddable":true,"href":"https:\/\/sarajorgedreamdancers.com\/en\/wp-json\/wp\/v2\/marca?post=589"},{"taxonomy":"product_brand","embeddable":true,"href":"https:\/\/sarajorgedreamdancers.com\/en\/wp-json\/wp\/v2\/product_brand?post=589"},{"taxonomy":"product_cat","embeddable":true,"href":"https:\/\/sarajorgedreamdancers.com\/en\/wp-json\/wp\/v2\/product_cat?post=589"},{"taxonomy":"product_tag","embeddable":true,"href":"https:\/\/sarajorgedreamdancers.com\/en\/wp-json\/wp\/v2\/product_tag?post=589"}],"curies":[{"name":"wp","href":"https:\/\/api.w.org\/{rel}","templated":true}]}}