{"id":588,"date":"2025-05-16T01:23:53","date_gmt":"2025-05-16T01:23:53","guid":{"rendered":"https:\/\/sarajorgedreamdancers.com\/producto\/camisetas-de-baile-moderno-dream-dancers\/"},"modified":"2026-04-08T21:44:04","modified_gmt":"2026-04-08T21:44:04","slug":"camisetas-de-baile-moderno-dream-dancers","status":"publish","type":"product","link":"https:\/\/sarajorgedreamdancers.com\/en\/producto\/camisetas-de-baile-moderno-dream-dancers\/","title":{"rendered":"Camisetas de Baile Moderno Dream Dancers"},"content":{"rendered":"","protected":false},"excerpt":{"rendered":"<p>Camiseta de baile moderno c\u00f3moda y de calidad para Dream Dancers.<\/p>\n","protected":false},"featured_media":473,"comment_status":"open","ping_status":"closed","template":"","meta":{"_acf_changed":false,"iawp_total_views":0},"marca":[94,95],"product_brand":[],"product_cat":[114,115],"product_tag":[119,128,132],"class_list":{"0":"post-588","1":"product","2":"type-product","3":"status-publish","4":"has-post-thumbnail","6":"marca-dream-dance","7":"marca-movart","8":"product_cat-coreografias-en","9":"product_cat-ropa-en","10":"product_tag-baile-moderno-en","11":"product_tag-comodo-en","12":"product_tag-ropa-de-baile-en","14":"first","15":"instock","16":"sale","17":"shipping-taxable","18":"purchasable","19":"product-type-simple"},"acf":[],"yoast_head":"<!-- This site is optimized with the Yoast SEO plugin v27.3 - https:\/\/yoast.com\/product\/yoast-seo-wordpress\/ -->\n<title>Camisetas de Baile Moderno Dream Dancers<\/title>\n<meta name=\"description\" content=\"Descubre las camisetas de baile moderno en Dream Dancers, c\u00f3modas y de calidad. Aprovecha el precio especial de 444,75 \u20ac con env\u00edo gratis y 100 d\u00edas de devoluci\u00f3n.\" \/>\n<meta name=\"robots\" content=\"index, follow, max-snippet:-1, max-image-preview:large, max-video-preview:-1\" \/>\n<link rel=\"canonical\" href=\"https:\/\/sarajorgedreamdancers.com\/en\/producto\/camisetas-de-baile-moderno-dream-dancers\/\" \/>\n<meta property=\"og:locale\" content=\"en_US\" \/>\n<meta property=\"og:type\" content=\"article\" \/>\n<meta property=\"og:title\" content=\"Camisetas de Baile Moderno Dream Dancers\" \/>\n<meta property=\"og:description\" content=\"Descubre las camisetas de baile moderno en Dream Dancers, c\u00f3modas y de calidad. Aprovecha el precio especial de 444,75 \u20ac con env\u00edo gratis y 100 d\u00edas de devoluci\u00f3n.\" \/>\n<meta property=\"og:url\" content=\"https:\/\/sarajorgedreamdancers.com\/en\/producto\/camisetas-de-baile-moderno-dream-dancers\/\" \/>\n<meta property=\"og:site_name\" content=\"Dream Dancers\" \/>\n<meta property=\"article:modified_time\" content=\"2026-04-08T21:44:04+00:00\" \/>\n<meta property=\"og:image\" content=\"https:\/\/sarajorgedreamdancers.com\/wp-content\/uploads\/2025\/05\/Leonardo_Vision_XL_Muestra_una_camiseta_de_baile_moderno_en_un_0.jpg\" \/>\n\t<meta property=\"og:image:width\" content=\"1792\" \/>\n\t<meta property=\"og:image:height\" content=\"1456\" \/>\n\t<meta property=\"og:image:type\" content=\"image\/jpeg\" \/>\n<meta name=\"twitter:card\" content=\"summary_large_image\" \/>\n<!-- \/ Yoast SEO plugin. -->","yoast_head_json":{"title":"Camisetas de Baile Moderno Dream Dancers","description":"Descubre las camisetas de baile moderno en Dream Dancers, c\u00f3modas y de calidad. Aprovecha el precio especial de 444,75 \u20ac con env\u00edo gratis y 100 d\u00edas de devoluci\u00f3n.","robots":{"index":"index","follow":"follow","max-snippet":"max-snippet:-1","max-image-preview":"max-image-preview:large","max-video-preview":"max-video-preview:-1"},"canonical":"https:\/\/sarajorgedreamdancers.com\/en\/producto\/camisetas-de-baile-moderno-dream-dancers\/","og_locale":"en_US","og_type":"article","og_title":"Camisetas de Baile Moderno Dream Dancers","og_description":"Descubre las camisetas de baile moderno en Dream Dancers, c\u00f3modas y de calidad. Aprovecha el precio especial de 444,75 \u20ac con env\u00edo gratis y 100 d\u00edas de devoluci\u00f3n.","og_url":"https:\/\/sarajorgedreamdancers.com\/en\/producto\/camisetas-de-baile-moderno-dream-dancers\/","og_site_name":"Dream Dancers","article_modified_time":"2026-04-08T21:44:04+00:00","og_image":[{"width":1792,"height":1456,"url":"https:\/\/sarajorgedreamdancers.com\/wp-content\/uploads\/2025\/05\/Leonardo_Vision_XL_Muestra_una_camiseta_de_baile_moderno_en_un_0.jpg","type":"image\/jpeg"}],"twitter_card":"summary_large_image","schema":{"@context":"https:\/\/schema.org","@graph":[{"@type":"WebPage","@id":"https:\/\/sarajorgedreamdancers.com\/en\/producto\/camisetas-de-baile-moderno-dream-dancers\/","url":"https:\/\/sarajorgedreamdancers.com\/en\/producto\/camisetas-de-baile-moderno-dream-dancers\/","name":"Camisetas de Baile Moderno Dream Dancers","isPartOf":{"@id":"https:\/\/sarajorgedreamdancers.com\/en\/#website"},"primaryImageOfPage":{"@id":"https:\/\/sarajorgedreamdancers.com\/en\/producto\/camisetas-de-baile-moderno-dream-dancers\/#primaryimage"},"image":{"@id":"https:\/\/sarajorgedreamdancers.com\/en\/producto\/camisetas-de-baile-moderno-dream-dancers\/#primaryimage"},"thumbnailUrl":"https:\/\/sarajorgedreamdancers.com\/wp-content\/uploads\/2025\/05\/Leonardo_Vision_XL_Muestra_una_camiseta_de_baile_moderno_en_un_0.jpg","datePublished":"2025-05-16T01:23:53+00:00","dateModified":"2026-04-08T21:44:04+00:00","description":"Descubre las camisetas de baile moderno en Dream Dancers, c\u00f3modas y de calidad. Aprovecha el precio especial de 444,75 \u20ac con env\u00edo gratis y 100 d\u00edas de devoluci\u00f3n.","breadcrumb":{"@id":"https:\/\/sarajorgedreamdancers.com\/en\/producto\/camisetas-de-baile-moderno-dream-dancers\/#breadcrumb"},"inLanguage":"en-US","potentialAction":[{"@type":"ReadAction","target":["https:\/\/sarajorgedreamdancers.com\/en\/producto\/camisetas-de-baile-moderno-dream-dancers\/"]}]},{"@type":"ImageObject","inLanguage":"en-US","@id":"https:\/\/sarajorgedreamdancers.com\/en\/producto\/camisetas-de-baile-moderno-dream-dancers\/#primaryimage","url":"https:\/\/sarajorgedreamdancers.com\/wp-content\/uploads\/2025\/05\/Leonardo_Vision_XL_Muestra_una_camiseta_de_baile_moderno_en_un_0.jpg","contentUrl":"https:\/\/sarajorgedreamdancers.com\/wp-content\/uploads\/2025\/05\/Leonardo_Vision_XL_Muestra_una_camiseta_de_baile_moderno_en_un_0.jpg","width":1792,"height":1456},{"@type":"BreadcrumbList","@id":"https:\/\/sarajorgedreamdancers.com\/en\/producto\/camisetas-de-baile-moderno-dream-dancers\/#breadcrumb","itemListElement":[{"@type":"ListItem","position":1,"name":"Portada","item":"https:\/\/sarajorgedreamdancers.com\/en\/"},{"@type":"ListItem","position":2,"name":"Tienda","item":"https:\/\/sarajorgedreamdancers.com\/tienda\/"},{"@type":"ListItem","position":3,"name":"Camisetas de Baile Moderno Dream Dancers"}]},{"@type":"WebSite","@id":"https:\/\/sarajorgedreamdancers.com\/en\/#website","url":"https:\/\/sarajorgedreamdancers.com\/en\/","name":"Dream Dancers","description":"","publisher":{"@id":"https:\/\/sarajorgedreamdancers.com\/en\/#organization"},"potentialAction":[{"@type":"SearchAction","target":{"@type":"EntryPoint","urlTemplate":"https:\/\/sarajorgedreamdancers.com\/en\/?s={search_term_string}"},"query-input":{"@type":"PropertyValueSpecification","valueRequired":true,"valueName":"search_term_string"}}],"inLanguage":"en-US"},{"@type":"Organization","@id":"https:\/\/sarajorgedreamdancers.com\/en\/#organization","name":"Dream Dancers","url":"https:\/\/sarajorgedreamdancers.com\/en\/","logo":{"@type":"ImageObject","inLanguage":"en-US","@id":"https:\/\/sarajorgedreamdancers.com\/en\/#\/schema\/logo\/image\/","url":"https:\/\/sarajorgedreamdancers.com\/wp-content\/uploads\/2025\/05\/6825c60c3b046_dream-dancers.png","contentUrl":"https:\/\/sarajorgedreamdancers.com\/wp-content\/uploads\/2025\/05\/6825c60c3b046_dream-dancers.png","width":1352,"height":1437,"caption":"Dream Dancers"},"image":{"@id":"https:\/\/sarajorgedreamdancers.com\/en\/#\/schema\/logo\/image\/"}}]}},"_links":{"self":[{"href":"https:\/\/sarajorgedreamdancers.com\/en\/wp-json\/wp\/v2\/product\/588","targetHints":{"allow":["GET"]}}],"collection":[{"href":"https:\/\/sarajorgedreamdancers.com\/en\/wp-json\/wp\/v2\/product"}],"about":[{"href":"https:\/\/sarajorgedreamdancers.com\/en\/wp-json\/wp\/v2\/types\/product"}],"replies":[{"embeddable":true,"href":"https:\/\/sarajorgedreamdancers.com\/en\/wp-json\/wp\/v2\/comments?post=588"}],"wp:featuredmedia":[{"embeddable":true,"href":"https:\/\/sarajorgedreamdancers.com\/en\/wp-json\/wp\/v2\/media\/473"}],"wp:attachment":[{"href":"https:\/\/sarajorgedreamdancers.com\/en\/wp-json\/wp\/v2\/media?parent=588"}],"wp:term":[{"taxonomy":"marca","embeddable":true,"href":"https:\/\/sarajorgedreamdancers.com\/en\/wp-json\/wp\/v2\/marca?post=588"},{"taxonomy":"product_brand","embeddable":true,"href":"https:\/\/sarajorgedreamdancers.com\/en\/wp-json\/wp\/v2\/product_brand?post=588"},{"taxonomy":"product_cat","embeddable":true,"href":"https:\/\/sarajorgedreamdancers.com\/en\/wp-json\/wp\/v2\/product_cat?post=588"},{"taxonomy":"product_tag","embeddable":true,"href":"https:\/\/sarajorgedreamdancers.com\/en\/wp-json\/wp\/v2\/product_tag?post=588"}],"curies":[{"name":"wp","href":"https:\/\/api.w.org\/{rel}","templated":true}]}}