{"id":582,"date":"2025-05-16T01:28:53","date_gmt":"2025-05-16T01:28:53","guid":{"rendered":"https:\/\/sarajorgedreamdancers.com\/producto\/camiseta-dream-dance-move\/"},"modified":"2026-04-08T21:43:14","modified_gmt":"2026-04-08T21:43:14","slug":"camiseta-dream-dance-move","status":"publish","type":"product","link":"https:\/\/sarajorgedreamdancers.com\/en\/producto\/camiseta-dream-dance-move\/","title":{"rendered":"Camiseta Dream Dance Move"},"content":{"rendered":"","protected":false},"excerpt":{"rendered":"<p>Camiseta moderna y c\u00f3moda para bailarines.<\/p>\n","protected":false},"featured_media":527,"comment_status":"open","ping_status":"closed","template":"","meta":{"_acf_changed":false,"iawp_total_views":0},"marca":[97,68],"product_brand":[],"product_cat":[114,115],"product_tag":[116,125,127],"class_list":{"0":"post-582","1":"product","2":"type-product","3":"status-publish","4":"has-post-thumbnail","6":"marca-dancepro","7":"marca-dreamwear","8":"product_cat-coreografias-en","9":"product_cat-ropa-en","10":"product_tag-baile-en","11":"product_tag-camiseta-en","12":"product_tag-moderno-en","14":"first","15":"instock","16":"sale","17":"shipping-taxable","18":"purchasable","19":"product-type-simple"},"acf":[],"yoast_head":"<!-- This site is optimized with the Yoast SEO plugin v27.3 - https:\/\/yoast.com\/product\/yoast-seo-wordpress\/ -->\n<title>Camiseta Dream Dance Move - Dream Dancers<\/title>\n<meta name=\"description\" content=\"Compra la Camiseta Dream Dance Move de Dream Dancers al mejor precio. Moderna, c\u00f3moda y perfecta para bailarines. \u00a1Env\u00edo gratis y 100 d\u00edas de devoluci\u00f3n!\" \/>\n<meta name=\"robots\" content=\"index, follow, max-snippet:-1, max-image-preview:large, max-video-preview:-1\" \/>\n<link rel=\"canonical\" href=\"https:\/\/sarajorgedreamdancers.com\/en\/producto\/camiseta-dream-dance-move\/\" \/>\n<meta property=\"og:locale\" content=\"en_US\" \/>\n<meta property=\"og:type\" content=\"article\" \/>\n<meta property=\"og:title\" content=\"Camiseta Dream Dance Move - Dream Dancers\" \/>\n<meta property=\"og:description\" content=\"Compra la Camiseta Dream Dance Move de Dream Dancers al mejor precio. Moderna, c\u00f3moda y perfecta para bailarines. \u00a1Env\u00edo gratis y 100 d\u00edas de devoluci\u00f3n!\" \/>\n<meta property=\"og:url\" content=\"https:\/\/sarajorgedreamdancers.com\/en\/producto\/camiseta-dream-dance-move\/\" \/>\n<meta property=\"og:site_name\" content=\"Dream Dancers\" \/>\n<meta property=\"article:modified_time\" content=\"2026-04-08T21:43:14+00:00\" \/>\n<meta property=\"og:image\" content=\"https:\/\/sarajorgedreamdancers.com\/wp-content\/uploads\/2025\/05\/Leonardo_Vision_XL_Disear_una_imagen_de_una_camiseta_moderna_y_0.jpg\" \/>\n\t<meta property=\"og:image:width\" content=\"1792\" \/>\n\t<meta property=\"og:image:height\" content=\"1456\" \/>\n\t<meta property=\"og:image:type\" content=\"image\/jpeg\" \/>\n<meta name=\"twitter:card\" content=\"summary_large_image\" \/>\n<!-- \/ Yoast SEO plugin. -->","yoast_head_json":{"title":"Camiseta Dream Dance Move - Dream Dancers","description":"Compra la Camiseta Dream Dance Move de Dream Dancers al mejor precio. Moderna, c\u00f3moda y perfecta para bailarines. \u00a1Env\u00edo gratis y 100 d\u00edas de devoluci\u00f3n!","robots":{"index":"index","follow":"follow","max-snippet":"max-snippet:-1","max-image-preview":"max-image-preview:large","max-video-preview":"max-video-preview:-1"},"canonical":"https:\/\/sarajorgedreamdancers.com\/en\/producto\/camiseta-dream-dance-move\/","og_locale":"en_US","og_type":"article","og_title":"Camiseta Dream Dance Move - Dream Dancers","og_description":"Compra la Camiseta Dream Dance Move de Dream Dancers al mejor precio. Moderna, c\u00f3moda y perfecta para bailarines. \u00a1Env\u00edo gratis y 100 d\u00edas de devoluci\u00f3n!","og_url":"https:\/\/sarajorgedreamdancers.com\/en\/producto\/camiseta-dream-dance-move\/","og_site_name":"Dream Dancers","article_modified_time":"2026-04-08T21:43:14+00:00","og_image":[{"width":1792,"height":1456,"url":"https:\/\/sarajorgedreamdancers.com\/wp-content\/uploads\/2025\/05\/Leonardo_Vision_XL_Disear_una_imagen_de_una_camiseta_moderna_y_0.jpg","type":"image\/jpeg"}],"twitter_card":"summary_large_image","schema":{"@context":"https:\/\/schema.org","@graph":[{"@type":"WebPage","@id":"https:\/\/sarajorgedreamdancers.com\/en\/producto\/camiseta-dream-dance-move\/","url":"https:\/\/sarajorgedreamdancers.com\/en\/producto\/camiseta-dream-dance-move\/","name":"Camiseta Dream Dance Move - Dream Dancers","isPartOf":{"@id":"https:\/\/sarajorgedreamdancers.com\/en\/#website"},"primaryImageOfPage":{"@id":"https:\/\/sarajorgedreamdancers.com\/en\/producto\/camiseta-dream-dance-move\/#primaryimage"},"image":{"@id":"https:\/\/sarajorgedreamdancers.com\/en\/producto\/camiseta-dream-dance-move\/#primaryimage"},"thumbnailUrl":"https:\/\/sarajorgedreamdancers.com\/wp-content\/uploads\/2025\/05\/Leonardo_Vision_XL_Disear_una_imagen_de_una_camiseta_moderna_y_0.jpg","datePublished":"2025-05-16T01:28:53+00:00","dateModified":"2026-04-08T21:43:14+00:00","description":"Compra la Camiseta Dream Dance Move de Dream Dancers al mejor precio. Moderna, c\u00f3moda y perfecta para bailarines. \u00a1Env\u00edo gratis y 100 d\u00edas de devoluci\u00f3n!","breadcrumb":{"@id":"https:\/\/sarajorgedreamdancers.com\/en\/producto\/camiseta-dream-dance-move\/#breadcrumb"},"inLanguage":"en-US","potentialAction":[{"@type":"ReadAction","target":["https:\/\/sarajorgedreamdancers.com\/en\/producto\/camiseta-dream-dance-move\/"]}]},{"@type":"ImageObject","inLanguage":"en-US","@id":"https:\/\/sarajorgedreamdancers.com\/en\/producto\/camiseta-dream-dance-move\/#primaryimage","url":"https:\/\/sarajorgedreamdancers.com\/wp-content\/uploads\/2025\/05\/Leonardo_Vision_XL_Disear_una_imagen_de_una_camiseta_moderna_y_0.jpg","contentUrl":"https:\/\/sarajorgedreamdancers.com\/wp-content\/uploads\/2025\/05\/Leonardo_Vision_XL_Disear_una_imagen_de_una_camiseta_moderna_y_0.jpg","width":1792,"height":1456},{"@type":"BreadcrumbList","@id":"https:\/\/sarajorgedreamdancers.com\/en\/producto\/camiseta-dream-dance-move\/#breadcrumb","itemListElement":[{"@type":"ListItem","position":1,"name":"Portada","item":"https:\/\/sarajorgedreamdancers.com\/en\/"},{"@type":"ListItem","position":2,"name":"Tienda","item":"https:\/\/sarajorgedreamdancers.com\/tienda\/"},{"@type":"ListItem","position":3,"name":"Camiseta Dream Dance Move"}]},{"@type":"WebSite","@id":"https:\/\/sarajorgedreamdancers.com\/en\/#website","url":"https:\/\/sarajorgedreamdancers.com\/en\/","name":"Dream Dancers","description":"","publisher":{"@id":"https:\/\/sarajorgedreamdancers.com\/en\/#organization"},"potentialAction":[{"@type":"SearchAction","target":{"@type":"EntryPoint","urlTemplate":"https:\/\/sarajorgedreamdancers.com\/en\/?s={search_term_string}"},"query-input":{"@type":"PropertyValueSpecification","valueRequired":true,"valueName":"search_term_string"}}],"inLanguage":"en-US"},{"@type":"Organization","@id":"https:\/\/sarajorgedreamdancers.com\/en\/#organization","name":"Dream Dancers","url":"https:\/\/sarajorgedreamdancers.com\/en\/","logo":{"@type":"ImageObject","inLanguage":"en-US","@id":"https:\/\/sarajorgedreamdancers.com\/en\/#\/schema\/logo\/image\/","url":"https:\/\/sarajorgedreamdancers.com\/wp-content\/uploads\/2025\/05\/6825c60c3b046_dream-dancers.png","contentUrl":"https:\/\/sarajorgedreamdancers.com\/wp-content\/uploads\/2025\/05\/6825c60c3b046_dream-dancers.png","width":1352,"height":1437,"caption":"Dream Dancers"},"image":{"@id":"https:\/\/sarajorgedreamdancers.com\/en\/#\/schema\/logo\/image\/"}}]}},"_links":{"self":[{"href":"https:\/\/sarajorgedreamdancers.com\/en\/wp-json\/wp\/v2\/product\/582","targetHints":{"allow":["GET"]}}],"collection":[{"href":"https:\/\/sarajorgedreamdancers.com\/en\/wp-json\/wp\/v2\/product"}],"about":[{"href":"https:\/\/sarajorgedreamdancers.com\/en\/wp-json\/wp\/v2\/types\/product"}],"replies":[{"embeddable":true,"href":"https:\/\/sarajorgedreamdancers.com\/en\/wp-json\/wp\/v2\/comments?post=582"}],"wp:featuredmedia":[{"embeddable":true,"href":"https:\/\/sarajorgedreamdancers.com\/en\/wp-json\/wp\/v2\/media\/527"}],"wp:attachment":[{"href":"https:\/\/sarajorgedreamdancers.com\/en\/wp-json\/wp\/v2\/media?parent=582"}],"wp:term":[{"taxonomy":"marca","embeddable":true,"href":"https:\/\/sarajorgedreamdancers.com\/en\/wp-json\/wp\/v2\/marca?post=582"},{"taxonomy":"product_brand","embeddable":true,"href":"https:\/\/sarajorgedreamdancers.com\/en\/wp-json\/wp\/v2\/product_brand?post=582"},{"taxonomy":"product_cat","embeddable":true,"href":"https:\/\/sarajorgedreamdancers.com\/en\/wp-json\/wp\/v2\/product_cat?post=582"},{"taxonomy":"product_tag","embeddable":true,"href":"https:\/\/sarajorgedreamdancers.com\/en\/wp-json\/wp\/v2\/product_tag?post=582"}],"curies":[{"name":"wp","href":"https:\/\/api.w.org\/{rel}","templated":true}]}}